{"id":958,"date":"2014-04-06T09:22:25","date_gmt":"2014-04-06T07:22:25","guid":{"rendered":"http:\/\/ihrc.no\/?page_id=958"},"modified":"2022-04-18T09:10:42","modified_gmt":"2022-04-18T07:10:42","slug":"mini-z","status":"publish","type":"page","link":"https:\/\/ihrc.no\/?page_id=958","title":{"rendered":"MINI-Z"},"content":{"rendered":"<p><span style=\"text-decoration: underline;\">12.04.14:<\/span><\/p>\n<p>Da har vi testet banen. Det tok 1. gang en time \u00e5 sette den opp. Dette skal nok g\u00e5 p\u00e5 ca. 30 min n\u00e5r vi har gjort det et par ganger. Testing med <span style=\"color: #333333;\"><a style=\"color: #333333;\" href=\"https:\/\/www.repliquedemontre.org\/\">rolex replique<\/a><\/span> biler gikk bra, ingen problemr med de vi testet.<\/p>\n<div id=\"attachment_989\" style=\"width: 310px\" class=\"wp-caption alignnone\"><a href=\"http:\/\/ihrc.no\/wp-content\/uploads\/2014\/04\/layout11.jpg\"><img loading=\"lazy\" decoding=\"async\" aria-describedby=\"caption-attachment-989\" class=\"size-medium wp-image-989\" src=\"http:\/\/ihrc.no\/wp-content\/uploads\/2014\/04\/layout11-300x196.jpg\" alt=\"layout1\" width=\"300\" height=\"196\" srcset=\"https:\/\/ihrc.no\/wp-content\/uploads\/2014\/04\/layout11-300x196.jpg 300w, https:\/\/ihrc.no\/wp-content\/uploads\/2014\/04\/layout11-457x300.jpg 457w, https:\/\/ihrc.no\/wp-content\/uploads\/2014\/04\/layout11.jpg 483w\" sizes=\"auto, (max-width: 300px) 100vw, 300px\" \/><\/a><p id=\"caption-attachment-989\" class=\"wp-caption-text\">Dette er vel den Layouten vi kommer til \u00e5 ha i forbindelse med Byggmakerkvelden den 6. mai. Denne layouten er vel for stor til kiosken v\u00e5r, men hvis vi reduserer til to plater i banebredden kommer det til \u00e5 g\u00e5 ganske bra. Tallene dere ser er simulering av bansesporet som jeg gjordet.<\/p><\/div>\n<p><a href=\"http:\/\/ihrc.no\/wp-content\/uploads\/2014\/04\/20140409_202113.jpg\"><img loading=\"lazy\" decoding=\"async\" class=\"alignnone size-medium wp-image-986\" src=\"http:\/\/ihrc.no\/wp-content\/uploads\/2014\/04\/20140409_202113-300x168.jpg\" alt=\"20140409_202113\" width=\"300\" height=\"168\" srcset=\"https:\/\/ihrc.no\/wp-content\/uploads\/2014\/04\/20140409_202113-300x168.jpg 300w, https:\/\/ihrc.no\/wp-content\/uploads\/2014\/04\/20140409_202113-1024x576.jpg 1024w, https:\/\/ihrc.no\/wp-content\/uploads\/2014\/04\/20140409_202113-500x281.jpg 500w\" sizes=\"auto, (max-width: 300px) 100vw, 300px\" \/><\/a> <a href=\"http:\/\/ihrc.no\/wp-content\/uploads\/2014\/04\/20140409_202126.jpg\"><img loading=\"lazy\" decoding=\"async\" class=\"alignnone size-medium wp-image-987\" src=\"http:\/\/ihrc.no\/wp-content\/uploads\/2014\/04\/20140409_202126-300x168.jpg\" alt=\"20140409_202126\" width=\"300\" height=\"168\" srcset=\"https:\/\/ihrc.no\/wp-content\/uploads\/2014\/04\/20140409_202126-300x168.jpg 300w, https:\/\/ihrc.no\/wp-content\/uploads\/2014\/04\/20140409_202126-1024x576.jpg 1024w, https:\/\/ihrc.no\/wp-content\/uploads\/2014\/04\/20140409_202126-500x281.jpg 500w\" sizes=\"auto, (max-width: 300px) 100vw, 300px\" \/><\/a><\/p>\n<p><a href=\"http:\/\/ihrc.no\/wp-content\/uploads\/2014\/04\/lambuRoy.jpg\"><img loading=\"lazy\" decoding=\"async\" class=\"alignnone size-medium wp-image-975\" src=\"http:\/\/ihrc.no\/wp-content\/uploads\/2014\/04\/lambuRoy-300x168.jpg\" alt=\"lambuRoy\" width=\"300\" height=\"168\" srcset=\"https:\/\/ihrc.no\/wp-content\/uploads\/2014\/04\/lambuRoy-300x168.jpg 300w, https:\/\/ihrc.no\/wp-content\/uploads\/2014\/04\/lambuRoy-1024x576.jpg 1024w, https:\/\/ihrc.no\/wp-content\/uploads\/2014\/04\/lambuRoy-500x281.jpg 500w\" sizes=\"auto, (max-width: 300px) 100vw, 300px\" \/><\/a><\/p>\n<p>_____________________________________________________________________<\/p>\n<p>Da er det ankommet 10 MINI-Z-biler til klubben samt at vi har bane. Mere info og bilder kommer.<\/p>\n<p>Jeg og Steinar Jensen drar \u00e5 setter opp anlegget for testing etc. p\u00e5 onsdag 09.04.14 kl 19:00<\/p>\n<p><a href=\"http:\/\/ihrc.no\/wp-content\/uploads\/2014\/04\/20140405_090548.jpg\"><img loading=\"lazy\" decoding=\"async\" class=\"alignnone size-medium wp-image-959\" src=\"http:\/\/ihrc.no\/wp-content\/uploads\/2014\/04\/20140405_090548-300x168.jpg\" alt=\"20140405_090548\" width=\"300\" height=\"168\" srcset=\"https:\/\/ihrc.no\/wp-content\/uploads\/2014\/04\/20140405_090548-300x168.jpg 300w, https:\/\/ihrc.no\/wp-content\/uploads\/2014\/04\/20140405_090548-1024x576.jpg 1024w, https:\/\/ihrc.no\/wp-content\/uploads\/2014\/04\/20140405_090548-500x281.jpg 500w\" sizes=\"auto, (max-width: 300px) 100vw, 300px\" \/><\/a> <a href=\"http:\/\/ihrc.no\/wp-content\/uploads\/2014\/04\/lambuRoy.jpg\"><img loading=\"lazy\" decoding=\"async\" class=\"alignnone size-medium wp-image-975\" src=\"http:\/\/ihrc.no\/wp-content\/uploads\/2014\/04\/lambuRoy-300x168.jpg\" alt=\"lambuRoy\" width=\"300\" height=\"168\" srcset=\"https:\/\/ihrc.no\/wp-content\/uploads\/2014\/04\/lambuRoy-300x168.jpg 300w, https:\/\/ihrc.no\/wp-content\/uploads\/2014\/04\/lambuRoy-1024x576.jpg 1024w, https:\/\/ihrc.no\/wp-content\/uploads\/2014\/04\/lambuRoy-500x281.jpg 500w\" sizes=\"auto, (max-width: 300px) 100vw, 300px\" \/><\/a><\/p>\n","protected":false},"excerpt":{"rendered":"<p>12.04.14: Da har vi testet banen. Det tok 1. gang en time \u00e5 sette den opp. Dette skal nok g\u00e5 p\u00e5 ca. 30 min n\u00e5r vi har gjort det et par ganger. Testing med rolex replique biler gikk bra, ingen problemr med de vi testet. _____________________________________________________________________ Da er det ankommet 10 MINI-Z-biler til klubben samt&hellip; <a class=\"continue\" href=\"https:\/\/ihrc.no\/?page_id=958\">Continue Reading MINI-Z<\/a><\/p>\n","protected":false},"author":16,"featured_media":0,"parent":0,"menu_order":0,"comment_status":"open","ping_status":"open","template":"","meta":{"ngg_post_thumbnail":0,"footnotes":""},"class_list":["post-958","page","type-page","status-publish","hentry","radius"],"_links":{"self":[{"href":"https:\/\/ihrc.no\/index.php?rest_route=\/wp\/v2\/pages\/958","targetHints":{"allow":["GET"]}}],"collection":[{"href":"https:\/\/ihrc.no\/index.php?rest_route=\/wp\/v2\/pages"}],"about":[{"href":"https:\/\/ihrc.no\/index.php?rest_route=\/wp\/v2\/types\/page"}],"author":[{"embeddable":true,"href":"https:\/\/ihrc.no\/index.php?rest_route=\/wp\/v2\/users\/16"}],"replies":[{"embeddable":true,"href":"https:\/\/ihrc.no\/index.php?rest_route=%2Fwp%2Fv2%2Fcomments&post=958"}],"version-history":[{"count":8,"href":"https:\/\/ihrc.no\/index.php?rest_route=\/wp\/v2\/pages\/958\/revisions"}],"predecessor-version":[{"id":1291,"href":"https:\/\/ihrc.no\/index.php?rest_route=\/wp\/v2\/pages\/958\/revisions\/1291"}],"wp:attachment":[{"href":"https:\/\/ihrc.no\/index.php?rest_route=%2Fwp%2Fv2%2Fmedia&parent=958"}],"curies":[{"name":"wp","href":"https:\/\/api.w.org\/{rel}","templated":true}]}}