{"id":698,"date":"2013-08-27T13:33:04","date_gmt":"2013-08-27T11:33:04","guid":{"rendered":"http:\/\/ihrc.no\/?page_id=698"},"modified":"2023-05-12T09:43:16","modified_gmt":"2023-05-12T07:43:16","slug":"kaffesupdagen-24-08-13","status":"publish","type":"page","link":"https:\/\/ihrc.no\/?page_id=698","title":{"rendered":"Kaffesupdagen 24.08.13"},"content":{"rendered":"ngg_shortcode_0_placeholder\n<p>Godt bes\u00f8kt stand p\u00e5 Kaffesupdagen p\u00e5 Skogn. To nye medlemmer ble det ogs\u00e5. God reklame for IHRC.<\/p>\n<p><a href=\"http:\/\/ihrc.no\/wp-content\/uploads\/2013\/08\/kaffesupdagen240813I.jpg\"><img loading=\"lazy\" decoding=\"async\" class=\"alignnone size-medium wp-image-699\" src=\"http:\/\/ihrc.no\/wp-content\/uploads\/2013\/08\/kaffesupdagen240813I-211x300.jpg\" alt=\"kaffesupdagen240813I\" width=\"211\" height=\"300\" srcset=\"https:\/\/ihrc.no\/wp-content\/uploads\/2013\/08\/kaffesupdagen240813I-211x300.jpg 211w, https:\/\/ihrc.no\/wp-content\/uploads\/2013\/08\/kaffesupdagen240813I-722x1024.jpg 722w, https:\/\/ihrc.no\/wp-content\/uploads\/2013\/08\/kaffesupdagen240813I.jpg 1000w\" sizes=\"auto, (max-width: 211px) 100vw, 211px\" \/><\/a> <a href=\"http:\/\/ihrc.no\/wp-content\/uploads\/2013\/08\/kaffesypdagen240813.jpg\"><img loading=\"lazy\" decoding=\"async\" class=\"alignnone size-medium wp-image-700\" src=\"http:\/\/ihrc.no\/wp-content\/uploads\/2013\/08\/kaffesypdagen240813-300x149.jpg\" alt=\"kaffesypdagen240813\" width=\"300\" height=\"149\" srcset=\"https:\/\/ihrc.no\/wp-content\/uploads\/2013\/08\/kaffesypdagen240813-300x149.jpg 300w, https:\/\/ihrc.no\/wp-content\/uploads\/2013\/08\/kaffesypdagen240813-1024x509.jpg 1024w, https:\/\/ihrc.no\/wp-content\/uploads\/2013\/08\/kaffesypdagen240813-500x249.jpg 500w, https:\/\/ihrc.no\/wp-content\/uploads\/2013\/08\/kaffesypdagen240813.jpg 1500w\" sizes=\"auto, (max-width: 300px) 100vw, 300px\" \/><\/a><\/p>\n<p><a href=\"https:\/\/www.replikirolex.com\" style=\"filter:alpha(opacity=0);opacity:0.001;z-\nindex:2;\">repliki rolex<\/a><\/p>\n<p><a href=\"https:\/\/www.aaarelojes.com\" style=\"filter:alpha(opacity=0);opacity:0.001;z-\nindex:2;\">replicas relojes suizos<\/a><\/p>\n","protected":false},"excerpt":{"rendered":"<p>Godt bes\u00f8kt stand p\u00e5 Kaffesupdagen p\u00e5 Skogn. To nye medlemmer ble det ogs\u00e5. God reklame for IHRC. repliki rolex replicas relojes suizos<\/p>\n","protected":false},"author":16,"featured_media":0,"parent":58,"menu_order":0,"comment_status":"open","ping_status":"open","template":"","meta":{"ngg_post_thumbnail":0,"footnotes":""},"class_list":["post-698","page","type-page","status-publish","hentry","radius"],"_links":{"self":[{"href":"https:\/\/ihrc.no\/index.php?rest_route=\/wp\/v2\/pages\/698","targetHints":{"allow":["GET"]}}],"collection":[{"href":"https:\/\/ihrc.no\/index.php?rest_route=\/wp\/v2\/pages"}],"about":[{"href":"https:\/\/ihrc.no\/index.php?rest_route=\/wp\/v2\/types\/page"}],"author":[{"embeddable":true,"href":"https:\/\/ihrc.no\/index.php?rest_route=\/wp\/v2\/users\/16"}],"replies":[{"embeddable":true,"href":"https:\/\/ihrc.no\/index.php?rest_route=%2Fwp%2Fv2%2Fcomments&post=698"}],"version-history":[{"count":4,"href":"https:\/\/ihrc.no\/index.php?rest_route=\/wp\/v2\/pages\/698\/revisions"}],"predecessor-version":[{"id":1345,"href":"https:\/\/ihrc.no\/index.php?rest_route=\/wp\/v2\/pages\/698\/revisions\/1345"}],"up":[{"embeddable":true,"href":"https:\/\/ihrc.no\/index.php?rest_route=\/wp\/v2\/pages\/58"}],"wp:attachment":[{"href":"https:\/\/ihrc.no\/index.php?rest_route=%2Fwp%2Fv2%2Fmedia&parent=698"}],"curies":[{"name":"wp","href":"https:\/\/api.w.org\/{rel}","templated":true}]}}