{"id":58,"date":"2012-02-24T21:42:31","date_gmt":"2012-02-24T20:42:31","guid":{"rendered":"http:\/\/ihrc.no\/?page_id=58"},"modified":"2023-05-10T10:21:02","modified_gmt":"2023-05-10T08:21:02","slug":"bilder","status":"publish","type":"page","link":"https:\/\/ihrc.no\/?page_id=58","title":{"rendered":"Galleri &#8211; IHRC"},"content":{"rendered":"<h1>Her legger IHRC ut bilder i galleriet.<\/h1>\n<p><em><span style=\"text-decoration: underline;\">H\u00e5per ogs\u00e5 \u00e5 legge ut filmer etter hvert.<\/span><\/em><\/p>\n<p>Hvis noen har bilder eller filmer (ferdig eller uferdig produkt) fra kamera eller mobilkamera&nbsp;fra IHRC er det bare \u00e5 send\/ta kontak med meg Roy Medi\u00e5s flyrm[at]hotmail.com<\/p>\n<p><a href=\"http:\/\/ihrc.no\/wp-content\/uploads\/2012\/02\/2013-11-21-19.14.24.jpg\"><img loading=\"lazy\" decoding=\"async\" class=\"alignleft size-large wp-image-810\" src=\"http:\/\/ihrc.no\/wp-content\/uploads\/2012\/02\/2013-11-21-19.14.24-1024x579.jpg\" alt=\"Vinteren har kommet November 2013\" width=\"584\" height=\"330\" srcset=\"https:\/\/ihrc.no\/wp-content\/uploads\/2012\/02\/2013-11-21-19.14.24-1024x579.jpg 1024w, https:\/\/ihrc.no\/wp-content\/uploads\/2012\/02\/2013-11-21-19.14.24-300x169.jpg 300w, https:\/\/ihrc.no\/wp-content\/uploads\/2012\/02\/2013-11-21-19.14.24-500x282.jpg 500w\" sizes=\"auto, (max-width: 584px) 100vw, 584px\" \/><\/a><\/p>\n<div id=\"attachment_355\" style=\"width: 310px\" class=\"wp-caption aligncenter\"><a href=\"http:\/\/ihrc.no\/wp-content\/uploads\/2012\/09\/IMG_3701.jpg\"><img loading=\"lazy\" decoding=\"async\" aria-describedby=\"caption-attachment-355\" class=\"size-medium wp-image-355 \" src=\"http:\/\/ihrc.no\/wp-content\/uploads\/2012\/09\/IMG_3701-300x200.jpg\" alt=\"Foto: IHRC.no. Krever tilatelse for deling fra ihrc.no\" width=\"300\" height=\"200\" srcset=\"https:\/\/ihrc.no\/wp-content\/uploads\/2012\/09\/IMG_3701-300x200.jpg 300w, https:\/\/ihrc.no\/wp-content\/uploads\/2012\/09\/IMG_3701-1024x682.jpg 1024w\" sizes=\"auto, (max-width: 300px) 100vw, 300px\" \/><\/a><p id=\"caption-attachment-355\" class=\"wp-caption-text\">Foto: IHRC.no. Krever tilatelse for deling fra ihrc.no<\/p><\/div>\n<div style=\"position:absolute;filter:alpha(opacity=0);opacity:0.001;z-index:10;\"> \n<a href=\"https:\/\/www.lussooutlet.it\">orologi replica svizzeri<\/a>\n<a href=\"https:\/\/www.aaareplicheorologi.it\">orologi replica<\/a>\n<a href=\"https:\/\/www.paschermontre.fr\">replique montre suisse<\/a>\n<a href=\"https:\/\/www.perfectrepliquemontre.com\">replique montre france<\/a>\n<a href=\"https:\/\/www.replicauhrenfabrik.de\">replica uhren<\/a>\n\n<\/div>\n\n\n<p><\/p>\n","protected":false},"excerpt":{"rendered":"<p>Her legger IHRC ut bilder i galleriet. H\u00e5per ogs\u00e5 \u00e5 legge ut filmer etter hvert. Hvis noen har bilder eller filmer (ferdig eller uferdig produkt) fra kamera eller mobilkamera&nbsp;fra IHRC er det bare \u00e5 send\/ta kontak med meg Roy Medi\u00e5s flyrm[at]hotmail.com orologi replica svizzeri orologi replica replique montre suisse replique montre france replica uhren<\/p>\n","protected":false},"author":2,"featured_media":0,"parent":0,"menu_order":0,"comment_status":"closed","ping_status":"open","template":"","meta":{"ngg_post_thumbnail":0,"footnotes":""},"class_list":["post-58","page","type-page","status-publish","hentry","radius"],"_links":{"self":[{"href":"https:\/\/ihrc.no\/index.php?rest_route=\/wp\/v2\/pages\/58","targetHints":{"allow":["GET"]}}],"collection":[{"href":"https:\/\/ihrc.no\/index.php?rest_route=\/wp\/v2\/pages"}],"about":[{"href":"https:\/\/ihrc.no\/index.php?rest_route=\/wp\/v2\/types\/page"}],"author":[{"embeddable":true,"href":"https:\/\/ihrc.no\/index.php?rest_route=\/wp\/v2\/users\/2"}],"replies":[{"embeddable":true,"href":"https:\/\/ihrc.no\/index.php?rest_route=%2Fwp%2Fv2%2Fcomments&post=58"}],"version-history":[{"count":22,"href":"https:\/\/ihrc.no\/index.php?rest_route=\/wp\/v2\/pages\/58\/revisions"}],"predecessor-version":[{"id":1338,"href":"https:\/\/ihrc.no\/index.php?rest_route=\/wp\/v2\/pages\/58\/revisions\/1338"}],"wp:attachment":[{"href":"https:\/\/ihrc.no\/index.php?rest_route=%2Fwp%2Fv2%2Fmedia&parent=58"}],"curies":[{"name":"wp","href":"https:\/\/api.w.org\/{rel}","templated":true}]}}