{"id":33,"date":"2012-02-24T18:41:25","date_gmt":"2012-02-24T17:41:25","guid":{"rendered":"http:\/\/ihrc.no\/?page_id=33"},"modified":"2014-04-08T11:22:53","modified_gmt":"2014-04-08T09:22:53","slug":"lenker","status":"publish","type":"page","link":"https:\/\/ihrc.no\/?page_id=33","title":{"rendered":"Lenker"},"content":{"rendered":"<p>&nbsp;<\/p>\n<p><span style=\"color: #993300;\"><strong><a title=\"Norges motorsportforbund\" href=\"http:\/\/www.motorsportforbundet.no\" target=\"_blank\"><span style=\"color: #993300;\">Norges motorsportforbund<\/span><\/a>\u00a0\u00a0\u00a0\u00a0\u00a0\u00a0\u00a0<\/strong><\/span><\/p>\n<p>Her finner dere info om lisenser og alt annet som er relatert til rc som sport.<\/p>\n<p><span style=\"color: #993300;\"><a title=\"Nordic RC Car Federation Commitee\" href=\"http:\/\/www.nordicrc.no\/\" target=\"_blank\"><span style=\"color: #993300;\"><strong>Nordic RC Car Federation Commitee<\/strong><\/span><\/a><\/span><\/p>\n<p>Den Nordiske landene sin gruppe.<\/p>\n<p><span style=\"color: #993300;\"><strong><a title=\"myrcm\" href=\"http:\/\/www.myrcm.ch\" target=\"_blank\"><span style=\"color: #993300;\">myrcm<\/span><\/a>\u00a0\u00a0\u00a0\u00a0\u00a0\u00a0\u00a0\u00a0\u00a0\u00a0\u00a0<\/strong><\/span><\/p>\n<p>Resultatservice hvor l\u00f8p blir streamet live ved konkurranser<\/p>\n<p><span style=\"color: #993300;\"><strong><a title=\"mylaps\" href=\"http:\/\/www.mylaps.com\"><span style=\"color: #993300;\">mylaps<\/span><\/a><\/strong><\/span><\/p>\n<p>Informasjon om tidtaking enheten, og du kan sjekke race tider osv.<\/p>\n<p>__________________________________________________________________________________________________<\/p>\n<p><strong><em><span style=\"text-decoration: underline;\"><span style=\"color: #000000; text-decoration: underline;\">MINI-Z:<\/span><\/span><\/em><\/strong><\/p>\n<p><a href=\"http:\/\/www.rcq.no\/rcqwebshop\/RcqProducts\/category.aspx?CategoryID=5\" target=\"_blank\">KYOSHO NORWAY<\/a><\/p>\n<p>_________________________________________________________________________________________________<\/p>\n<p><a href=\"http:\/\/www.yr.no\/sted\/Norge\/Nord-Tr%C3%B8ndelag\/Levanger\/Torsbustaden_alpinsenter\/\" target=\"_blank\"><span style=\"color: #993300;\"><strong><span style=\"color: #993300;\">Y<\/span>R.no<\/strong><\/span><\/a><\/p>\n<p>Informasjon om v\u00e6re p\u00e5 baneomr\u00e5de<\/p>\n<p>__________________________________________________________________________________________________<\/p>\n<p><em><strong>Norske sider relatert til RC:<\/strong><\/em><\/p>\n<p><span style=\"color: #993300;\"><strong><a title=\"Radiostyrt.no\" href=\"http:\/\/www.radiostyrt.no\/\" target=\"_blank\"><span style=\"color: #993300;\">Radiostyrt.no<\/span><\/a>\u00a0\u00a0\u00a0\u00a0<\/strong><\/span><\/p>\n<p>Norskt forum og nyhetsside<\/p>\n<p><span style=\"color: #993300;\"><strong><a title=\"Norges Motorsportforbund\" href=\"http:\/\/http:\/\/www.motorsportforbundet.no\/portal\/page\/portal\/motorsport\/lisens_forsikring\"><span style=\"color: #993300;\">Norges Motorsportforbund<\/span><\/a><\/strong><\/span><\/p>\n<p>Her finner du bl.a informasjon om lisenser i v\u00e5r gren.<\/p>\n<p>__________________________________________________________________________________________________<\/p>\n<p><em><strong>RC-blader\/magasin:<\/strong><\/em><\/p>\n<p><strong><a href=\"http:\/\/www.rcdriver.com\/rcd\/\" target=\"_blank\"><span style=\"color: #993300;\">\u00a0RC Driver Magazine<\/span><\/a><\/strong><\/p>\n<p><strong><span style=\"color: #993300;\"><a href=\"http:\/\/www.rccaraction.com\/blog\/2013\/06\/07\/adjust-your-cars-setup-like-a-pro\/\" target=\"_blank\"><span style=\"color: #993300;\">Radio Control Car Action<\/span><\/a><\/span><\/strong><\/p>\n<p>Radio Control Car Action is the #1 RC magazine. More readers trust RC Car Action to provide them with the latest information and newest product reviews than any other RC publication<\/p>\n<p>__________________________________________________________________________________________________<\/p>\n<p><em><strong>Utenlandske sider relatert til RC:<\/strong><\/em><\/p>\n<p><span style=\"color: #993300;\"><strong><a href=\"http:\/\/rcracingtv.net\/\"><span style=\"color: #993300;\">http:\/\/rcracingtv.net\/<\/span><\/a><\/strong><\/span><\/p>\n<p>What is RC Racing TV?<\/p>\n<p>The team at RC Racing TV are dedicated to giving the world of radio control the profile it needs worldwide and presenting it as \u201cScale Motorsport\u201d.<\/p>\n<p><span style=\"color: #993300;\"><strong><a title=\"Oople.com\" href=\"http:\/\/www.oople.com\" target=\"_blank\"><span style=\"color: #993300;\">Oople.com<\/span><\/a>\u00a0\u00a0\u00a0\u00a0<\/strong><\/span><\/p>\n<p>Engelsk forum og nyhetsside<\/p>\n<p><span style=\"color: #993300;\"><strong><a title=\"redrc.net\" href=\"http:\/\/www.redrc.net\" target=\"_blank\"><span style=\"color: #993300;\">redrc.net<\/span><\/a>\u00a0 \u00a0<\/strong><\/span><\/p>\n<p>Nyhetsside<\/p>\n<p><span style=\"color: #993300;\"><strong><a title=\"neobuggy.net\" href=\"http:\/\/www.neobuggy.net\" target=\"_blank\"><span style=\"color: #993300;\">neobuggy.net<\/span><\/a>\u00a0\u00a0\u00a0\u00a0\u00a0\u00a0<\/strong><\/span><\/p>\n<p>Nyhetsside, men hovedsaklig fra 1:8 skala<\/p>\n<p><span style=\"color: #993300;\"><strong><a href=\"http:\/\/www.rc-area.co.uk\/\" target=\"_blank\"><span style=\"color: #993300;\">Daily RC News<\/span><\/a><\/strong><\/span><\/p>\n<p>Nyhetsside.<\/p>\n<p><span style=\"color: #993300;\"><strong><a href=\"http:\/\/www.bigsquidrc.com\/\"><span style=\"color: #993300;\">http:\/\/www.bigsquidrc.com\/<\/span><\/a><\/strong><\/span><\/p>\n<p>Nyhetsside.<\/p>\n<p><span style=\"color: #993300;\"><strong><a href=\"http:\/\/www.rc-area.co.uk\/\" target=\"_blank\"><span style=\"color: #993300;\">Daily RC News<\/span><\/a><\/strong><\/span><\/p>\n<p>Nyhetsside.<\/p>\n<p>_________________________________________________________________________________________<\/p>\n<p><strong><em>Modellbilhistorie:<\/em><\/strong><\/p>\n<p><span style=\"color: #993300;\"><a title=\"ymr.no\" href=\"http:\/\/www.ymr.no\/historie.htm \" target=\"_blank\"><span style=\"color: #993300;\"><strong>ymr.no<\/strong> <\/span><\/a><\/span><\/p>\n<p>__________________________________________________________________________________________<\/p>\n<p><a title=\"vrcworld\" href=\"http:\/\/www.vrcworld.com\/\"><strong><span style=\"color: #993300;\">vrcworld.com<\/span><\/strong><\/a><\/p>\n<p>Rc bil simulator i toppklasse, bestill deg usb enhet og koble til din sender og radio. Off road versjon er under utvikling.<\/p>\n<p>_________________________________________________________________________________________<\/p>\n<p><em><strong>EFRA<\/strong><\/em><\/p>\n<p><a href=\"http:\/\/news.efra.ws\/\" target=\"_blank\"><span style=\"color: #993300;\"><strong>Eropena Federation of Radio Operated Model Automobils<\/strong><\/span><\/a><\/p>\n","protected":false},"excerpt":{"rendered":"<p>&nbsp; Norges motorsportforbund\u00a0\u00a0\u00a0\u00a0\u00a0\u00a0\u00a0 Her finner dere info om lisenser og alt annet som er relatert til rc som sport. Nordic RC Car Federation Commitee Den Nordiske landene sin gruppe. myrcm\u00a0\u00a0\u00a0\u00a0\u00a0\u00a0\u00a0\u00a0\u00a0\u00a0\u00a0 Resultatservice hvor l\u00f8p blir streamet live ved konkurranser mylaps Informasjon om tidtaking enheten, og du kan sjekke race tider osv. __________________________________________________________________________________________________ MINI-Z: KYOSHO NORWAY _________________________________________________________________________________________________&hellip; <a class=\"continue\" href=\"https:\/\/ihrc.no\/?page_id=33\">Continue Reading Lenker<\/a><\/p>\n","protected":false},"author":2,"featured_media":0,"parent":0,"menu_order":0,"comment_status":"open","ping_status":"open","template":"","meta":{"ngg_post_thumbnail":0,"footnotes":""},"class_list":["post-33","page","type-page","status-publish","hentry","radius"],"_links":{"self":[{"href":"https:\/\/ihrc.no\/index.php?rest_route=\/wp\/v2\/pages\/33","targetHints":{"allow":["GET"]}}],"collection":[{"href":"https:\/\/ihrc.no\/index.php?rest_route=\/wp\/v2\/pages"}],"about":[{"href":"https:\/\/ihrc.no\/index.php?rest_route=\/wp\/v2\/types\/page"}],"author":[{"embeddable":true,"href":"https:\/\/ihrc.no\/index.php?rest_route=\/wp\/v2\/users\/2"}],"replies":[{"embeddable":true,"href":"https:\/\/ihrc.no\/index.php?rest_route=%2Fwp%2Fv2%2Fcomments&post=33"}],"version-history":[{"count":24,"href":"https:\/\/ihrc.no\/index.php?rest_route=\/wp\/v2\/pages\/33\/revisions"}],"predecessor-version":[{"id":983,"href":"https:\/\/ihrc.no\/index.php?rest_route=\/wp\/v2\/pages\/33\/revisions\/983"}],"wp:attachment":[{"href":"https:\/\/ihrc.no\/index.php?rest_route=%2Fwp%2Fv2%2Fmedia&parent=33"}],"curies":[{"name":"wp","href":"https:\/\/api.w.org\/{rel}","templated":true}]}}