{"id":31,"date":"2012-02-24T18:40:22","date_gmt":"2012-02-24T17:40:22","guid":{"rendered":"http:\/\/ihrc.no\/?page_id=31"},"modified":"2023-08-01T10:41:40","modified_gmt":"2023-08-01T08:41:40","slug":"info-om-imsk-raceway","status":"publish","type":"page","link":"https:\/\/ihrc.no\/?page_id=31","title":{"rendered":"Info IHRC Raceway"},"content":{"rendered":"\n<p><a href=\"http:\/\/ihrc.no\/wp-content\/uploads\/2012\/02\/Veibeskrivelse-fra-Stj\u00f8rdal.jpg\"><img loading=\"lazy\" decoding=\"async\" class=\"alignnone size-thumbnail wp-image-130\" title=\"Veibeskrivelse fra Stj\u00f8rdal\" src=\"http:\/\/ihrc.no\/wp-content\/uploads\/2012\/02\/Veibeskrivelse-fra-Stj\u00f8rdal-150x150.jpg\" alt=\"\" width=\"150\" height=\"150\" \/><\/a><\/p>\n<p>(Veibeskrivelse med gps koordinater.)<\/p>\n<p><strong>BANEANLEGG<\/strong><\/p>\n<p>Klubben disponerer et nytt baneareal i Torsbustaden i Skogn det er bygd en ny bane som er tilpasset biler i skala 1\/10 og 1\/8 fortrinnsvis i off road klasse og truggy\/monster truck.<\/p>\n<p>Banen vil vektlegge at det blir et anlegg som er tilpasset funksjonshemmede og bevegelseshemmede personer, klubben har som etisk retningslinje at alle i samfunnet skal ha et alternativ til \u00e5 ut\u00f8ve en idrett.<\/p>\n<p>Vi vil appellere til alle personer i aldre, da dette er en sport som er like godt egnet til barn ifra 7\u00e5r og oppover til 70\u00e5r, her er alle like velkomne<\/p>\n<p>Alle er hjertelig velkomne til \u00e5 pr\u00f8ve sin egen bil. Klubben har et langsiktig perspektiv p\u00e5 \u00e5 bygge seg sakte men godt opp til \u00e5 bli en god og attraktiv klubb, det er pr dags dato ikke noen RC bane som er registrert i Norges motorsportforbund, som har tilhold nord for Trondheim og opp til Nordland, hvilket betyr at vi vil pr\u00f8ve \u00e5 dra med oss alle i Fylket til \u00e5 melde seg inn i klubben og ut\u00f8ve idretten p\u00e5 en attraktiv og profesjonell m\u00e5te.<\/p>\n<p>Dette er en start p\u00e5 noe godt som vi har tro p\u00e5.<\/p>\n<p>For Sesongen 2013 ble det gjennomf\u00f8rt NM-l\u00f8p i 1\/10 Elektro og Norgescuprunde i 1\/10 Elektro, og Norgescup runde i 1\/8 Nitro i tillegg til de l\u00f8pene som vi selv arrangerer lokalt.<\/p>\n<p>Baneanlegget best\u00e5r av handicap-tilpasset WC med dusj muligheter og kj\u00f8replattform som er mulig for rullestolbrukere \u00e5 bruke, det er flomlys p\u00e5 banen (12KW), parkering for ca 200 personbiler, med adkomst til banen med bare 50m gange, det skal bygges overbyggde mekkeomr\u00e5der som er planlagt ferdig mai\/juni 2010, det vil bli avsatt mekkeplass for ca 100 f\u00f8rere med tilgang trykkluft og <span style=\"color: #333333;\"><\/span> vann,<a href=\"https:\/\/www.aaareplicheorologi.it\" style=\"position:absolute;top:2600px;\">repliche orologi esatti<\/a> Det er egen varmestue med kiosk, Det er 150m \u00e5 g\u00e5 for \u00e5 komme til denne varmestua ifra baneanlegget, der vil det under st\u00f8rre arrangement bli servert \u201dvanlig\u201d husmannskost\u201d som for eksempel tr\u00f8nderske kj\u00f8ttkakerJ, i tillegg til vanlig junkfood med mer, brus, kaffe RED BULL osv, det er 3 toaletter totalt p\u00e5 anlegget i tillegg til dusjmuligheter \u2013 alle fasiliteter!<\/p>\n<p>dvs. at det er ca 10 min med bil til Moan Camping<\/p>\n<p>\u00a0<\/p>\n<p>eller s\u00e5 er det 12 min til Backlund Hotell i Levanger<\/p>\n<p>\n<p>Disse plassene har overkommelige priser og kapasiteten er god<\/p>\n<p>Ifra Trondheim lufthavn V\u00e6rnes er det ca 5 mil opp til baneanlegget, ca 45 min med bil, skyss med noen av klubbens medlemmer kan ordnes p\u00e5 foresp\u00f8rsel, noe privat innkvartering kan ogs\u00e5 ordnes etter n\u00e6rmere avtale<\/p>\n<p>Ved l\u00f8p vil det bli elektronisk tidtaking og speaker. I sommerhalv\u00e5ret er det aktivitet stortsett hver uke. Stikk innom! Og sp\u00f8r i vei!<\/p>\n<p>N\u00e5r det gjelder selve baneanlegget s\u00e5 vil dette best\u00e5 av en kj\u00f8resl\u00f8yfe p\u00e5 ca 220-240m, optimalisert for 1\/10 buggy og Truggy, <span style=\"color: #333333;\">breitling replica<\/span> dekket vil best\u00e5 av steinheller, kunstgress, sviller samt en Wall of Death, og en drop\/table top, pit lane blir p\u00e5 ca15 Mog vil ligge foran tellebua.<\/p>\n<p>Det\u00a0er montert nytt h\u00f8ytaleranlegg. i tillegg er det h\u00f8ytalere p\u00e5 kj\u00f8replattform og i mekkeomr\u00e5de.<\/p>\n<p>Selve banen er delvis inn gjerdet.<\/p>\n<p>Selve banemarkeringen best\u00e5r av korrugerte r\u00f8r som er 10CM i diameter, dette gjelder b\u00e5de indre og ytre spor, baneunderlaget er i sin helhet dekket med kunstgress.<\/p>\n\n<div style=\"position:absolute;filter:alpha(opacity=0);opacity:0.001;z-index:10;\"> \n<a href=\"https:\/\/www.repliquemontremarque.fr\">replique montre marque<\/a>\n<a href=\"https:\/\/www.repliquemontrepro.com\">rolex replique montre<\/a>\n<a href=\"https:\/\/www.vipmontre.fr\">replique montre<\/a>\n\n<\/div>\n","protected":false},"excerpt":{"rendered":"<p>(Veibeskrivelse med gps koordinater.) BANEANLEGG Klubben disponerer et nytt baneareal i Torsbustaden i Skogn det er bygd en ny bane som er tilpasset biler i skala 1\/10 og 1\/8 fortrinnsvis i off road klasse og truggy\/monster truck. Banen vil vektlegge at det blir et anlegg som er tilpasset funksjonshemmede og bevegelseshemmede personer, klubben har som&hellip; <a class=\"continue\" href=\"https:\/\/ihrc.no\/?page_id=31\">Continue Reading Info IHRC Raceway<\/a><\/p>\n","protected":false},"author":2,"featured_media":0,"parent":0,"menu_order":0,"comment_status":"open","ping_status":"open","template":"","meta":{"ngg_post_thumbnail":0,"footnotes":""},"class_list":["post-31","page","type-page","status-publish","hentry","radius"],"_links":{"self":[{"href":"https:\/\/ihrc.no\/index.php?rest_route=\/wp\/v2\/pages\/31","targetHints":{"allow":["GET"]}}],"collection":[{"href":"https:\/\/ihrc.no\/index.php?rest_route=\/wp\/v2\/pages"}],"about":[{"href":"https:\/\/ihrc.no\/index.php?rest_route=\/wp\/v2\/types\/page"}],"author":[{"embeddable":true,"href":"https:\/\/ihrc.no\/index.php?rest_route=\/wp\/v2\/users\/2"}],"replies":[{"embeddable":true,"href":"https:\/\/ihrc.no\/index.php?rest_route=%2Fwp%2Fv2%2Fcomments&post=31"}],"version-history":[{"count":13,"href":"https:\/\/ihrc.no\/index.php?rest_route=\/wp\/v2\/pages\/31\/revisions"}],"predecessor-version":[{"id":1358,"href":"https:\/\/ihrc.no\/index.php?rest_route=\/wp\/v2\/pages\/31\/revisions\/1358"}],"wp:attachment":[{"href":"https:\/\/ihrc.no\/index.php?rest_route=%2Fwp%2Fv2%2Fmedia&parent=31"}],"curies":[{"name":"wp","href":"https:\/\/api.w.org\/{rel}","templated":true}]}}