{"id":24,"date":"2012-02-24T18:37:32","date_gmt":"2012-02-24T17:37:32","guid":{"rendered":"http:\/\/ihrc.no\/?page_id=24"},"modified":"2023-05-12T09:49:00","modified_gmt":"2023-05-12T07:49:00","slug":"om-innherred-rc-2","status":"publish","type":"page","link":"https:\/\/ihrc.no\/?page_id=24","title":{"rendered":"Kontakt Info IHRC"},"content":{"rendered":"<p><a href=\"http:\/\/ihrc.no\/wp-content\/uploads\/2012\/02\/final_logo_black-on-white.png\"><img loading=\"lazy\" decoding=\"async\" class=\"alignnone wp-image-6\" src=\"http:\/\/ihrc.no\/wp-content\/uploads\/2012\/02\/final_logo_black-on-white-300x294.png\" alt=\"final_logo_black on white\" width=\"73\" height=\"76\" \/><\/a><\/p>\n<p><span style=\"text-decoration: underline;\"><strong>Innherred RC Bil Klubb<\/strong><\/span><\/p>\n<p>Er en forening som har til form\u00e5l \u00e5 samle motorsportinteresserte personer i alle aldre. Hensikten er \u00e5 gi folk et alternativ til motorsport i full skala. Og \u00e5 ha det veldig g\u00f8y sammen! Klubben har ca. 40 medlemmer, 2 av disse er funksjonshemmede og vi synes det er ekstra fint at vi kan bidra til at slike <span style=\"color: #333333;\">cheap tag heuer replica<\/span> personer ogs\u00e5 har en idrett og ut\u00f8ve. Klubben er tilsluttet Norges Idrettsforbund gjennom Motorsportforbundet (NMF), som er hovedorganet for modellbilsporten i Norge. NMF er igjen tilsluttet EFRA (European Federation of Radiocontrolled Automobiles). Modellbilsporten ut\u00f8ves hovedsaklig etter internasjonale regler, slik at alle konkurrerer p\u00e5 stort sett samme grunnlag over hele verden. Klubben arrangerer en rekke konkurranser hvert \u00e5r, b\u00e5de nasjonale og internasjonale, hvor ogs\u00e5 <strong>DU<\/strong> kan delta!<\/p>\n<p>Medlemmene er personer i aldre, hovedtyngden av medlemmene er ca 15-25 \u00e5r, men med personer som er i alderen 35-50 \u00e5r som sitter i styret og som driver klubben.<\/p>\n<p>Kjerringer og unger er med p\u00e5 dette ogs\u00e5, kiosk, regnskap osv.<\/p>\n<p><strong>Hvilke fordeler har jeg som medlem?<\/strong><\/p>\n<p>Som medlem av Innherred RC bil klubb, har du full anledning til \u00e5 bruke baneanleggene v\u00e5re innenfor de regler som gjelder for den enkelte bane. Du f\u00e5r muligheten til \u00e5 delta i konkurranser hvis du vil, og som deltager vil du oppleve at din hobby blir mye mer givende og meningsfylt. Det er g\u00f8y \u00e5 kj\u00f8re modellbil, men enda mer moro og l\u00e6rerikt er det \u00e5 kj\u00f8re i konkurranse med andre! Som medlem vil du f\u00e5 innbydelser til alle l\u00f8p i den klassen du konkurrerer i.<\/p>\n<p>Husk at ALLE som deltar har v\u00e6rt nybegynnere, s\u00e5 ikke fortvil om du ikke henger med fra starten av! Som nybegynner er du sikkert full av sp\u00f8rsm\u00e5l om bil, radio, justeringer, etc. Som medlem av klubben vil du <span style=\"color: #333333;\">tag heuer replica watches<\/span> f\u00e5 kontakt med likesinnede i et hyggelig milj\u00f8, og du kan dra nytte av andres erfaring og hjelp. Ikke v\u00e6r redd for \u00e5 be noen om r\u00e5d, uansett!<\/p>\n<div style=\"position: absolute; filter: alpha(opacity=0); opacity: 0.001; z-index: 10;\"><a href=\"https:\/\/www.aaareplicheorologi.it\">orologi replica<\/a>\n<p>\u00a0<\/p>\n<p><a href=\"https:\/\/www.paschermontre.fr\">replique montre suisse<\/a><br \/><a href=\"https:\/\/www.perfectrepliquemontre.com\">replique montre france<\/a><\/p>\n<\/div>\n<p><strong>\u00a0Hva kreves det for \u00e5 delta i konkurranser?<\/strong><\/p>\n<p>F\u00f8rst og fremst m\u00e5 du v\u00e6re medlem i en modellbilklubb. For deg som bor i Midt Norge omr\u00e5det, er IMSK-RC et naturlig valg. Pass p\u00e5 at du skaffer deg en bil av kurant type og merke som tilfredsstiller kravene for konkurransebruk, ikke minst hvis du velger \u00e5 kj\u00f8pe en brukt bil.\u00a0 Ta kontakt med en av forhandlerne, eller snakk med en som allerede kj\u00f8rer i den klassen du har tenkt \u00e5 delta i. Pass deg for avisannonser som kan virke villedende\u201d, du kan risikere \u00e5 bli lurt! S\u00f8rg for \u00e5 f\u00e5 tak i et kurant kj\u00f8ret\u00f8y, som du fortsatt kan f\u00e5 tak i deler til.<\/p>\n<p>I tillegg kreves det at du l\u00f8ser f\u00f8rerlisens fra Motorsportforbundet (NMF). Se p\u00e5 NMFs websider for mer informasjon om dette. Giro og medlemskort blir sendt deg pr. post automatisk hvert \u00e5r n\u00e5r du f\u00f8rst er registrert hos NMF.<\/p>\n<p><a style=\"filter: alpha(opacity=0); opacity: 0.001; z-index: 2;\" href=\"https:\/\/www.lussooutlet.it\">rolex imitazioni perfette<\/a><\/p>\n<p>heuer replica vi oppfordre deg til \u00e5 sjekke terminlista, og ta med deg noen venner ut og se p\u00e5 n\u00e5r det er l\u00f8p! Kanskje vil du hjelpe til \u00e5 arrangere ogs\u00e5?<\/p>\n<p>Mange av klubbens medlemmer har deltatt i konkurranser og de sitter inne med mye erfaring. Ta en prat med disse ogs\u00e5 hvis du tenker \u00e5 delta i konurranser, da slipper man \u00e5 g\u00e5 i mange feller som nybegynner.<\/p>\n<h2>HVORDAN BLIR DU MEDLEM I INNHERRED RC BILKLUBB?<\/h2>\n<p>Det er ganske enkelt! Du kan\u00a0registrere deg inn p\u00e5 v\u00e5re nettsider. N\u00e5r du f\u00e5tt tilsendt giro med medlemskort, er det bare \u00e5 betale. Dersom <span style=\"color: #333333;\">rolex replique montre<\/span> du ikke har internett-tilgang, send et kort\/brev med ditt navn og adresse til:<\/p>\n<p>INNHERRED RC BILKLUBB<\/p>\n<p>V\/Stein Ove Nordahl<\/p>\n<p>7620 Skogn<\/p>\n<p>Mobil 92422483<\/p>\n<p><strong>Ikke n\u00f8l med \u00e5 ringe vi skal svare s\u00e5 godt vi kan og v\u00e6re behjelpelig!<\/strong><\/p>\n<p><span style=\"text-decoration: underline;\"><strong>Kontaktpersoner og mailliste: (@ er byttet med [at] pga. sikerhetsmessige grunner\/slipper en del spam til dere og i forumet!)<\/strong><\/span><\/p>\n<p>Leder \u00a0\u00a0\u00a0\u00a0\u00a0\u00a0\u00a0\u00a0\u00a0\u00a0\u00a0\u00a0\u00a0\u00a0\u00a0\u00a0\u00a0 : \u00a0 \u00a0 \u00a0Stein Ove Nordahl<\/p>\n<p>Nestleder\u00a0\u00a0\u00a0\u00a0\u00a0\u00a0\u00a0\u00a0\u00a0\u00a0\u00a0\u00a0 :\u00a0\u00a0\u00a0\u00a0\u00a0 St\u00e5le Bergstrand<\/p>\n<p>Sekret\u00e6r\u00a0\u00a0\u00a0\u00a0\u00a0\u00a0\u00a0\u00a0\u00a0\u00a0\u00a0\u00a0\u00a0 : \u00a0 \u00a0 \u00a0Vegard Krokstad<\/p>\n<p>Valgkomite\u00a0\u00a0\u00a0\u00a0\u00a0\u00a0\u00a0\u00a0\u00a0\u00a0 :\u00a0\u00a0\u00a0\u00a0\u00a0 Kenneth Neverdal\u00a0 &#8211; Ove Aune<\/p>\n<p><a style=\"filter: alpha(opacity=0); opacity: 0.001; z-index: 2;\" href=\"https:\/\/www.lussooutlet.it\">Tlf: 41235360\u00a0\u00a0\u00a0\u00a0\u00a0\u00a0\u00a0\u00a0\u00a0\u00a0\u00a0\u00a0\u00a0\u00a0\u00a0\u00a0 St\u00e5le Bergstrand\u00a0\u00a0\u00a0\u00a0\u00a0\u00a0 <\/a><a href=\"mailto:stale.bergstrand@tebb.no\">stale.bergstrand[at]tebb.no<\/a><\/p>\n<p>Tlf: 47479562 \u00a0 \u00a0 \u00a0 \u00a0 \u00a0 \u00a0 \u00a0 \u00a0 Vegard Krokstad\u00a0\u00a0\u00a0\u00a0\u00a0\u00a0\u00a0 <a href=\"mailto:vegard.krokstad@ntebb.no\">vegard.krokstad[at]tebb.no<\/a><\/p>\n<p>Tlf: 95845283 \u00a0 \u00a0 \u00a0 \u00a0 \u00a0 \u00a0 \u00a0 \u00a0 Ove Aune\u00a0\u00a0\u00a0\u00a0\u00a0\u00a0\u00a0\u00a0\u00a0\u00a0\u00a0\u00a0\u00a0\u00a0\u00a0\u00a0\u00a0\u00a0\u00a0\u00a0 <a href=\"mailto:oveaune@gmail.com\">oveaune[at]gmail.com<\/a><\/p>\n<p>Tlf: 95466974 \u00a0 \u00a0 \u00a0 \u00a0 \u00a0 \u00a0 \u00a0 \u00a0 Kenneth Neverdal\u00a0\u00a0\u00a0\u00a0\u00a0 <a href=\"mailto:k_storhaug_neverdal@hotmail.com\">k_storhaug_neverdal[at]hotmail.com<\/a><\/p>\n\n\n<p><\/p>\n","protected":false},"excerpt":{"rendered":"<p>Innherred RC Bil Klubb Er en forening som har til form\u00e5l \u00e5 samle motorsportinteresserte personer i alle aldre. Hensikten er \u00e5 gi folk et alternativ til motorsport i full skala. Og \u00e5 ha det veldig g\u00f8y sammen! Klubben har ca. 40 medlemmer, 2 av disse er funksjonshemmede og vi synes det er ekstra fint at&hellip; <a class=\"continue\" href=\"https:\/\/ihrc.no\/?page_id=24\">Continue Reading Kontakt Info IHRC<\/a><\/p>\n","protected":false},"author":2,"featured_media":0,"parent":0,"menu_order":0,"comment_status":"open","ping_status":"open","template":"","meta":{"ngg_post_thumbnail":0,"footnotes":""},"class_list":["post-24","page","type-page","status-publish","hentry","radius"],"_links":{"self":[{"href":"https:\/\/ihrc.no\/index.php?rest_route=\/wp\/v2\/pages\/24","targetHints":{"allow":["GET"]}}],"collection":[{"href":"https:\/\/ihrc.no\/index.php?rest_route=\/wp\/v2\/pages"}],"about":[{"href":"https:\/\/ihrc.no\/index.php?rest_route=\/wp\/v2\/types\/page"}],"author":[{"embeddable":true,"href":"https:\/\/ihrc.no\/index.php?rest_route=\/wp\/v2\/users\/2"}],"replies":[{"embeddable":true,"href":"https:\/\/ihrc.no\/index.php?rest_route=%2Fwp%2Fv2%2Fcomments&post=24"}],"version-history":[{"count":34,"href":"https:\/\/ihrc.no\/index.php?rest_route=\/wp\/v2\/pages\/24\/revisions"}],"predecessor-version":[{"id":1348,"href":"https:\/\/ihrc.no\/index.php?rest_route=\/wp\/v2\/pages\/24\/revisions\/1348"}],"wp:attachment":[{"href":"https:\/\/ihrc.no\/index.php?rest_route=%2Fwp%2Fv2%2Fmedia&parent=24"}],"curies":[{"name":"wp","href":"https:\/\/api.w.org\/{rel}","templated":true}]}}